{"id":14,"date":"2011-05-21T21:46:46","date_gmt":"2011-05-21T20:46:46","guid":{"rendered":"http:\/\/blankenburger.wordpress.com\/?page_id=14"},"modified":"2021-12-13T10:59:24","modified_gmt":"2021-12-13T09:59:24","slug":"das-team","status":"publish","type":"page","link":"http:\/\/www.kindergruppe-blankenburger.de\/?page_id=14","title":{"rendered":"Das Team"},"content":{"rendered":"<p>Unser Team in der Kindergruppe Blankenburger besteht aus je zwei Erzieher:innen in Vollzeit bzw. Teilzeit pro Gruppe. Unterst\u00fctzung in ihrer Arbeit erhalten die erfahrenen Erzieher:innen regelm\u00e4\u00dfig durch Praktikant:innen im Anerkennungsjahr oder junge Menschen im Freiwilligendienst (zum Beispiel FSJ). Der Betreuungsschl\u00fcssel unseres Kindergartens ist somit hervorragend.<\/p>\n<p>Dar\u00fcber hinaus sind regelm\u00e4\u00dfig Praktikant:innen f\u00fcr k\u00fcrzere Zeit mit von der Partie, beispielsweise im Rahmen von Schulpraktika.<\/p>\n","protected":false},"excerpt":{"rendered":"<p>Unser Team in der Kindergruppe Blankenburger besteht aus je zwei Erzieher:innen in Vollzeit bzw. Teilzeit pro Gruppe. Unterst\u00fctzung in ihrer Arbeit erhalten die erfahrenen Erzieher:innen regelm\u00e4\u00dfig durch Praktikant:innen im Anerkennungsjahr oder junge Menschen im Freiwilligendienst (zum Beispiel FSJ). Der Betreuungsschl\u00fcssel &hellip; <a href=\"http:\/\/www.kindergruppe-blankenburger.de\/?page_id=14\">Weiterlesen <span class=\"meta-nav\">&rarr;<\/span><\/a><\/p>\n","protected":false},"author":2,"featured_media":0,"parent":0,"menu_order":0,"comment_status":"closed","ping_status":"closed","template":"","meta":{"footnotes":""},"class_list":["post-14","page","type-page","status-publish","hentry"],"_links":{"self":[{"href":"http:\/\/www.kindergruppe-blankenburger.de\/index.php?rest_route=\/wp\/v2\/pages\/14","targetHints":{"allow":["GET"]}}],"collection":[{"href":"http:\/\/www.kindergruppe-blankenburger.de\/index.php?rest_route=\/wp\/v2\/pages"}],"about":[{"href":"http:\/\/www.kindergruppe-blankenburger.de\/index.php?rest_route=\/wp\/v2\/types\/page"}],"author":[{"embeddable":true,"href":"http:\/\/www.kindergruppe-blankenburger.de\/index.php?rest_route=\/wp\/v2\/users\/2"}],"replies":[{"embeddable":true,"href":"http:\/\/www.kindergruppe-blankenburger.de\/index.php?rest_route=%2Fwp%2Fv2%2Fcomments&post=14"}],"version-history":[{"count":7,"href":"http:\/\/www.kindergruppe-blankenburger.de\/index.php?rest_route=\/wp\/v2\/pages\/14\/revisions"}],"predecessor-version":[{"id":596,"href":"http:\/\/www.kindergruppe-blankenburger.de\/index.php?rest_route=\/wp\/v2\/pages\/14\/revisions\/596"}],"wp:attachment":[{"href":"http:\/\/www.kindergruppe-blankenburger.de\/index.php?rest_route=%2Fwp%2Fv2%2Fmedia&parent=14"}],"curies":[{"name":"wp","href":"https:\/\/api.w.org\/{rel}","templated":true}]}}